{"id":910,"date":"2020-07-12T16:20:05","date_gmt":"2020-07-12T13:20:05","guid":{"rendered":"http:\/\/muzik.name\/?page_id=910"},"modified":"2025-01-14T09:46:27","modified_gmt":"2025-01-14T06:46:27","slug":"online-music-therapy","status":"publish","type":"page","link":"https:\/\/muzik.name\/en\/courses\/online-music-therapy\/","title":{"rendered":"Online Music Therapy Course with Michael Bachmaier-Ek\u015fi"},"content":{"rendered":"\n<h2 class=\"wp-block-heading\">About this course<\/h2>\n\n\n\n<p>We are presenting an online course dealing with the therapy system of Dr. Rahmi Oru\u00e7 G\u00fcven\u00e7. The project is called &#8220;Online Music Therapy Course&#8221; and is lectured by Michael Bachmeier-Ek\u015fi, following the three volumes of his book &#8220;Turkish Music Therapy&#8221;.<\/p>\n\n\n\n<p>The plan is to work our way slowly through the books to deepen our knowledge and abilities in the subject of makam music and makam therapy. Practical instrumental and vocal exercising is intended.<\/p>\n\n\n\n<p>There will be weekly zoom-sessions on Wednesdays 20.30 &#8211; 22.00 European time, starting 5th August. The price is 15 Euro per session. The first module includes 6 sessions. Complete modules are to be booked.<\/p>\n\n\n\n<div class=\"wp-block-genesis-blocks-gb-accordion gb-block-accordion\"><details><summary class=\"gb-accordion-title\">More information about this course<\/summary><div class=\"gb-accordion-text\">\n<p>Bachmaier-Ek\u015fi studied music therapy with Dr Rahmi Oru\u00e7 G\u00fcven\u00e7 since 2000. The healing practice of Oru\u00e7 G\u00fcven\u00e7 inspired him to analyse the medical and musical references Oru\u00e7 G\u00fcven\u00e7 used in his work. His scientific interest focuses on the transcultural roots of makam music, Ibn Sina Medicine as the medical basis of makam therapy and the use of makam music in natural medicine. He makes this knowledge available in textbooks. He teaches the basics of makam theory and therapy in workshops, also in our&nbsp;<a href=\"https:\/\/muzik.name\/en\/makam-camp\/\">Makam Camps<\/a>.<\/p>\n\n\n\n<h3 class=\"wp-block-heading\">Course Structure<\/h3>\n\n\n\n<ul class=\"wp-block-list\">\n<li>The course is presented in 1.5 hour online <a href=\"https:\/\/zoom.us\/download\">Zoom<\/a> sessions, once a week.<\/li>\n\n\n\n<li>The course is organised in modules.\u00a0Each module will last 3-8 sessions, therefore 3-8 weeks.<\/li>\n\n\n\n<li>The participants will register to modules. Not the whole course, nor a single session.<\/li>\n\n\n\n<li>The course will be supported by practicing, playing and spending time physically together.<\/li>\n<\/ul>\n\n\n\n<p>Each session will be;<\/p>\n\n\n\n<ul class=\"wp-block-list\">\n<li>10 minutes entry phase.<\/li>\n\n\n\n<li>60 min. lecture and workshop \/ exercises<\/li>\n\n\n\n<li>20 min. discussion<\/li>\n<\/ul>\n\n\n\n<h3 class=\"wp-block-heading\">Course language<\/h3>\n\n\n\n<p>The course will be presented in English with Turkish translation. <strong>Whenever possible<\/strong>, we will try to make brief summaries in German in the chat area.<\/p>\n\n\n\n<p><\/p>\n<\/div><\/details><\/div>\n\n\n\n<div style=\"color:#ddd\" class=\"wp-block-genesis-blocks-gb-spacer gb-block-spacer gb-divider-dashed gb-spacer-divider gb-divider-size-1\"><hr style=\"height:60px\"\/><\/div>\n\n\n\n<h2 class=\"wp-block-heading\">What you will learn<\/h2>\n\n\n\n<ul class=\"wp-block-list\">\n<li>The transcultural roots of tonalities<\/li>\n\n\n\n<li>The structure and melodic design of makams<\/li>\n\n\n\n<li>Makam modulations and their medical effects<\/li>\n\n\n\n<li>Analysis of Oru\u00e7 G\u00fcven\u00e7 improvisations<\/li>\n\n\n\n<li>Ibn Sina diagnosis to select suitable makams for therapy<\/li>\n\n\n\n<li>Ibn Sina remedies to support the makam effects.\u00a0<\/li>\n<\/ul>\n\n\n\n<div style=\"color:#ddd\" class=\"wp-block-genesis-blocks-gb-spacer gb-block-spacer gb-divider-dashed gb-spacer-divider gb-divider-size-1\"><hr style=\"height:60px\"\/><\/div>\n\n\n\n<h2 class=\"wp-block-heading\">Program<\/h2>\n\n\n\n<p>The list is meant to give a general idea about what to expect from the course. Please note that, this is a work in progress and the program might be subject to changes.<\/p>\n\n\n\n<p>The main titles are healing by sound, music and medicine, the basics of makam music, constructing makam scales and makam rast.<\/p>\n\n\n\n<div class=\"wp-block-genesis-blocks-gb-accordion gb-block-accordion\"><details open><summary class=\"gb-accordion-title\">Details of the program<\/summary><div class=\"gb-accordion-text\">\n<p><strong>Module 1<\/strong><br><a href=\"https:\/\/muzik.name\/en\/courses\/online-music-therapy\/module-1\/\">Healing by Sound<\/a><br><em>The ancient Greek tone systems that prepared Turkish Makam Therapy Music<\/em><br>6 sessions. August 5 \u2013 September 9, 2020<\/p>\n\n\n\n<p><strong>Module 2<\/strong><br><a href=\"https:\/\/muzik.name\/en\/courses\/online-music-therapy\/module-2\/\">Melody Patterns in Gregorian Chant and Makam Music<\/a><br><em>How to structure and practice melodies in modal musical systems<\/em><br>6 sessions. October 22th &#8211; November 26th, 2020<\/p>\n\n\n\n<p><strong>Module 3<\/strong><br><a href=\"https:\/\/muzik.name\/en\/courses\/online-music-therapy\/module-3\/\">The Tone Systems of al-Kindi, al-Farabi, Ibn Sina and al-Urmawi<br><\/a>4 sessions<\/p>\n\n\n\n<p><strong>Module 4<\/strong><br><a href=\"https:\/\/muzik.name\/en\/courses\/online-music-therapy\/the-historical-medico-musical-sources-of-turkish-makam-therapy\/\">Music and Medicine<\/a><br><em>The historical medico-musical sources of Turkish Makam Therapy.<\/em><br>5 sessions. March 11 &#8211; April 8, 2021<\/p>\n\n\n\n<p><strong>Module 5<\/strong><br><a href=\"https:\/\/muzik.name\/en\/courses\/online-music-therapy\/the-basics-of-makam-music\/\">The Basics of Makam Music<\/a><br><em>Tones, notation, intervals, accidentals, pitch names, tuning<\/em><br>5 Sessions. June 17 &#8211; July 15, 2021<\/p>\n\n\n\n<p><strong>Module 6<\/strong><br><a href=\"https:\/\/muzik.name\/en\/courses\/online-music-therapy\/principles-of-makam-design\/\">The Principles of Makam Design<\/a><br><em>Functional tones, scales, orientation, extensions, melodic progression, stereotyped motives, modulations<\/em><br>4 sessions. September 30 &#8211; November 11, 2021<\/p>\n\n\n\n<p><strong>Module 7<\/strong><br>Constructing Makam Scales<br><em>Tetrachords and pentachords, extensions<\/em><br><meta charset=\"utf-8\">4 sessions<\/p>\n\n\n\n<p><strong>Module 8<\/strong><br>Makam Rast<br><em>Structure, melodic progression, modulations, typical improvisation motives, the improvisation of Dr Rahmi Oru\u00e7 G\u00fcven\u00e7, Ibn Sina diagnosis selecting Rast, medical use in prevention and therapy, Rast as component of complex natural medicine.<\/em><br>8 sessions<\/p>\n\n\n\n<p><strong>Module 9 &#8211;<\/strong><br>Further makams individually presented.<\/p>\n<\/div><\/details><\/div>\n\n\n\n<div style=\"color:#ddd\" class=\"wp-block-genesis-blocks-gb-spacer gb-block-spacer gb-divider-dashed gb-spacer-divider gb-divider-size-1\"><hr style=\"height:60px\"\/><\/div>\n\n\n\n<h2 class=\"wp-block-heading\">Instructor: Dr med Michael Bachmaier-Ek\u015fi<\/h2>\n\n\n\n<p>Dr. Michael Bachmaier-Ek\u015fi is a specialist in general medicine, natural remedies, acupuncture and geriatrics. He was born in Mainburg, Germany in 1962 and studied medicine in Berlin. From 1996 to 1997 he worked at the German Hospital in Istanbul. There he met Dr R. Oru\u00e7 G\u00fcven\u00e7 who then directed music therapy sessions at the Istanbul State Psychiatry Bak\u0131rk\u00f6y. Since 2000 he joint the music seminars of Oru\u00e7 G\u00fcven\u00e7 in Berlin.<\/p>\n\n\n\n<div class=\"wp-block-genesis-blocks-gb-accordion gb-block-accordion\"><details><summary class=\"gb-accordion-title\">Books by Dr Michael Bachmaier-Ek\u015fi<\/summary><div class=\"gb-accordion-text\">\n<div class=\"wp-block-columns is-layout-flex wp-container-core-columns-is-layout-9d6595d7 wp-block-columns-is-layout-flex\">\n<div class=\"wp-block-column is-layout-flow wp-block-column-is-layout-flow\">\n<figure class=\"wp-block-image size-full\"><img loading=\"lazy\" decoding=\"async\" width=\"160\" height=\"240\" src=\"http:\/\/muzik.name\/wp-content\/uploads\/2020\/06\/Turkish-MusicTherapy-Michael-Bachmaier-Eksi-volume-1.jpg\" alt=\"Michael Bachmaier-Eksi. Turkish Music Therapy - Textbook for a Holistic Medical Approach: Vol. 1: Healing the Soul: from Pythagoras to Ibn Sina. History of the Tonal Systems\" class=\"wp-image-863\"\/><figcaption class=\"wp-element-caption\">Michael Bachmaier-Eksi. Turkish Music Therapy &#8211; Textbook for a Holistic Medical Approach: Vol. 1: Healing the Soul: from Pythagoras to Ibn Sina. History of the Tonal Systems<\/figcaption><\/figure>\n<\/div>\n\n\n\n<div class=\"wp-block-column is-layout-flow wp-block-column-is-layout-flow\">\n<figure class=\"wp-block-image size-full\"><img loading=\"lazy\" decoding=\"async\" width=\"160\" height=\"240\" src=\"http:\/\/muzik.name\/wp-content\/uploads\/2020\/06\/Turkish-MusicTherapy-Michael-Bachmaier-Eksi-volume-2.png\" alt=\"Michael Bachmaier-Eksi. Turkish Music Therapy - Textbook for a Holistic Medical Approach: Vol. 2: How to Play Turkish Therapy Makams - Original Improvisations by Dr. R. Oru\u00e7 G\u00fcven\u00e7\" class=\"wp-image-865\"\/><figcaption class=\"wp-element-caption\">Michael Bachmaier-Eksi. Turkish Music Therapy &#8211; Textbook for a Holistic Medical Approach: Vol. 2: How to Play Turkish Therapy Makams &#8211; Original Improvisations by Dr. R. Oru\u00e7 G\u00fcven\u00e7<\/figcaption><\/figure>\n<\/div>\n\n\n\n<div class=\"wp-block-column is-layout-flow wp-block-column-is-layout-flow\">\n<figure class=\"wp-block-image size-full\"><img loading=\"lazy\" decoding=\"async\" width=\"160\" height=\"240\" src=\"http:\/\/muzik.name\/wp-content\/uploads\/2020\/06\/Turkish-MusicTherapy-Michael-Bachmaier-Eksi-volume-3.png\" alt=\"Michael Bachmaier-Eksi. Turkish Music Therapy - Textbook for a Holistic Medical Approach: Vol. 3: Practicing Integrative Ibn S\u012bn\u0101 Medicine: Diagnosis, Remedies and Music Therapy Improvisations by Dr Rahmi Oru\u00e7 G\u00fcven\u00e7\" class=\"wp-image-867\"\/><figcaption class=\"wp-element-caption\">Michael Bachmaier-Eksi. Turkish Music Therapy &#8211; Textbook for a Holistic Medical Approach: Vol. 3: Practicing Integrative Ibn S\u012bn\u0101 Medicine: Diagnosis, Remedies and Music Therapy Improvisations by Dr Rahmi Oru\u00e7 G\u00fcven\u00e7<\/figcaption><\/figure>\n\n\n\n<p><\/p>\n<\/div>\n<\/div>\n\n\n\n<p><\/p>\n<\/div><\/details><\/div>\n\n\n\n<div style=\"color:#ddd\" class=\"wp-block-genesis-blocks-gb-spacer gb-block-spacer gb-divider-dashed gb-spacer-divider gb-divider-size-1\"><hr style=\"height:60px\"\/><\/div>\n\n\n\n<h2 class=\"wp-block-heading\">Who can take this course?<\/h2>\n\n\n\n<p>Although a lot of the material presented in this course will be accessible by everyone, to make the best use of this course if you;<\/p>\n\n\n\n<ul class=\"wp-block-list\">\n<li>can read notes<\/li>\n\n\n\n<li>have some musical knowledge<\/li>\n\n\n\n<li>have basic knowledge of Turkish music<\/li>\n\n\n\n<li>can play an instrument (or sing) well enough to complete the exercises<\/li>\n<\/ul>\n\n\n\n<h2 class=\"wp-block-heading\"><\/h2>\n","protected":false},"excerpt":{"rendered":"<p>A course about the history, theory, analysis and practice of Turkish music therapy tradition as it was applied by Dr. Rahmi Oru\u00e7 G\u00fcven\u00e7.<\/p>\n","protected":false},"author":6,"featured_media":969,"parent":908,"menu_order":0,"comment_status":"closed","ping_status":"closed","template":"","meta":{"footnotes":""},"class_list":["post-910","page","type-page","status-publish","has-post-thumbnail","hentry"],"yoast_head":"<!-- This site is optimized with the Yoast SEO plugin v27.3 - https:\/\/yoast.com\/product\/yoast-seo-wordpress\/ -->\n<title>Online Music Therapy Course with Michael Bachmaier-Ek\u015fi - m\u00fczik.name<\/title>\n<meta name=\"description\" content=\"A course about the history, theory, analysis and practice of Turkish music therapy tradition as it was applied by Dr. Rahmi Oru\u00e7 G\u00fcven\u00e7.\" \/>\n<meta name=\"robots\" content=\"index, follow, max-snippet:-1, max-image-preview:large, max-video-preview:-1\" \/>\n<link rel=\"canonical\" href=\"https:\/\/muzik.name\/en\/courses\/online-music-therapy\/\" \/>\n<meta property=\"og:locale\" content=\"en_US\" \/>\n<meta property=\"og:type\" content=\"article\" \/>\n<meta property=\"og:title\" content=\"Online Music Therapy Course with Michael Bachmaier-Ek\u015fi - m\u00fczik.name\" \/>\n<meta property=\"og:description\" content=\"A course about the history, theory, analysis and practice of Turkish music therapy tradition as it was applied by Dr. Rahmi Oru\u00e7 G\u00fcven\u00e7.\" \/>\n<meta property=\"og:url\" content=\"https:\/\/muzik.name\/en\/courses\/online-music-therapy\/\" \/>\n<meta property=\"og:site_name\" content=\"m\u00fczik.name\" \/>\n<meta property=\"article:modified_time\" content=\"2025-01-14T06:46:27+00:00\" \/>\n<meta property=\"og:image\" content=\"https:\/\/muzik.name\/wp-content\/uploads\/2020\/07\/muzik-terapi-dersleri.png\" \/>\n\t<meta property=\"og:image:width\" content=\"800\" \/>\n\t<meta property=\"og:image:height\" content=\"800\" \/>\n\t<meta property=\"og:image:type\" content=\"image\/png\" \/>\n<meta name=\"twitter:card\" content=\"summary_large_image\" \/>\n<meta name=\"twitter:label1\" content=\"Est. reading time\" \/>\n\t<meta name=\"twitter:data1\" content=\"6 minutes\" \/>\n<script type=\"application\/ld+json\" class=\"yoast-schema-graph\">{\"@context\":\"https:\\\/\\\/schema.org\",\"@graph\":[{\"@type\":\"WebPage\",\"@id\":\"https:\\\/\\\/muzik.name\\\/en\\\/courses\\\/online-music-therapy\\\/\",\"url\":\"https:\\\/\\\/muzik.name\\\/en\\\/courses\\\/online-music-therapy\\\/\",\"name\":\"Online Music Therapy Course with Michael Bachmaier-Ek\u015fi - m\u00fczik.name\",\"isPartOf\":{\"@id\":\"https:\\\/\\\/muzik.name\\\/en\\\/#website\"},\"primaryImageOfPage\":{\"@id\":\"https:\\\/\\\/muzik.name\\\/en\\\/courses\\\/online-music-therapy\\\/#primaryimage\"},\"image\":{\"@id\":\"https:\\\/\\\/muzik.name\\\/en\\\/courses\\\/online-music-therapy\\\/#primaryimage\"},\"thumbnailUrl\":\"https:\\\/\\\/muzik.name\\\/wp-content\\\/uploads\\\/2020\\\/07\\\/muzik-terapi-dersleri.png\",\"datePublished\":\"2020-07-12T13:20:05+00:00\",\"dateModified\":\"2025-01-14T06:46:27+00:00\",\"description\":\"A course about the history, theory, analysis and practice of Turkish music therapy tradition as it was applied by Dr. Rahmi Oru\u00e7 G\u00fcven\u00e7.\",\"breadcrumb\":{\"@id\":\"https:\\\/\\\/muzik.name\\\/en\\\/courses\\\/online-music-therapy\\\/#breadcrumb\"},\"inLanguage\":\"en-US\",\"potentialAction\":[{\"@type\":\"ReadAction\",\"target\":[\"https:\\\/\\\/muzik.name\\\/en\\\/courses\\\/online-music-therapy\\\/\"]}]},{\"@type\":\"ImageObject\",\"inLanguage\":\"en-US\",\"@id\":\"https:\\\/\\\/muzik.name\\\/en\\\/courses\\\/online-music-therapy\\\/#primaryimage\",\"url\":\"https:\\\/\\\/muzik.name\\\/wp-content\\\/uploads\\\/2020\\\/07\\\/muzik-terapi-dersleri.png\",\"contentUrl\":\"https:\\\/\\\/muzik.name\\\/wp-content\\\/uploads\\\/2020\\\/07\\\/muzik-terapi-dersleri.png\",\"width\":800,\"height\":800,\"caption\":\"Oud sketch\"},{\"@type\":\"BreadcrumbList\",\"@id\":\"https:\\\/\\\/muzik.name\\\/en\\\/courses\\\/online-music-therapy\\\/#breadcrumb\",\"itemListElement\":[{\"@type\":\"ListItem\",\"position\":1,\"name\":\"Ana sayfa\",\"item\":\"https:\\\/\\\/muzik.name\\\/en\\\/\"},{\"@type\":\"ListItem\",\"position\":2,\"name\":\"Courses\",\"item\":\"https:\\\/\\\/muzik.name\\\/en\\\/courses\\\/\"},{\"@type\":\"ListItem\",\"position\":3,\"name\":\"Online Music Therapy Course with Michael Bachmaier-Ek\u015fi\"}]},{\"@type\":\"WebSite\",\"@id\":\"https:\\\/\\\/muzik.name\\\/en\\\/#website\",\"url\":\"https:\\\/\\\/muzik.name\\\/en\\\/\",\"name\":\"muzik.name\",\"description\":\"Music and its therapeutic value\",\"potentialAction\":[{\"@type\":\"SearchAction\",\"target\":{\"@type\":\"EntryPoint\",\"urlTemplate\":\"https:\\\/\\\/muzik.name\\\/en\\\/?s={search_term_string}\"},\"query-input\":{\"@type\":\"PropertyValueSpecification\",\"valueRequired\":true,\"valueName\":\"search_term_string\"}}],\"inLanguage\":\"en-US\"}]}<\/script>\n<!-- \/ Yoast SEO plugin. -->","yoast_head_json":{"title":"Online Music Therapy Course with Michael Bachmaier-Ek\u015fi - m\u00fczik.name","description":"A course about the history, theory, analysis and practice of Turkish music therapy tradition as it was applied by Dr. Rahmi Oru\u00e7 G\u00fcven\u00e7.","robots":{"index":"index","follow":"follow","max-snippet":"max-snippet:-1","max-image-preview":"max-image-preview:large","max-video-preview":"max-video-preview:-1"},"canonical":"https:\/\/muzik.name\/en\/courses\/online-music-therapy\/","og_locale":"en_US","og_type":"article","og_title":"Online Music Therapy Course with Michael Bachmaier-Ek\u015fi - m\u00fczik.name","og_description":"A course about the history, theory, analysis and practice of Turkish music therapy tradition as it was applied by Dr. Rahmi Oru\u00e7 G\u00fcven\u00e7.","og_url":"https:\/\/muzik.name\/en\/courses\/online-music-therapy\/","og_site_name":"m\u00fczik.name","article_modified_time":"2025-01-14T06:46:27+00:00","og_image":[{"width":800,"height":800,"url":"https:\/\/muzik.name\/wp-content\/uploads\/2020\/07\/muzik-terapi-dersleri.png","type":"image\/png"}],"twitter_card":"summary_large_image","twitter_misc":{"Est. reading time":"6 minutes"},"schema":{"@context":"https:\/\/schema.org","@graph":[{"@type":"WebPage","@id":"https:\/\/muzik.name\/en\/courses\/online-music-therapy\/","url":"https:\/\/muzik.name\/en\/courses\/online-music-therapy\/","name":"Online Music Therapy Course with Michael Bachmaier-Ek\u015fi - m\u00fczik.name","isPartOf":{"@id":"https:\/\/muzik.name\/en\/#website"},"primaryImageOfPage":{"@id":"https:\/\/muzik.name\/en\/courses\/online-music-therapy\/#primaryimage"},"image":{"@id":"https:\/\/muzik.name\/en\/courses\/online-music-therapy\/#primaryimage"},"thumbnailUrl":"https:\/\/muzik.name\/wp-content\/uploads\/2020\/07\/muzik-terapi-dersleri.png","datePublished":"2020-07-12T13:20:05+00:00","dateModified":"2025-01-14T06:46:27+00:00","description":"A course about the history, theory, analysis and practice of Turkish music therapy tradition as it was applied by Dr. Rahmi Oru\u00e7 G\u00fcven\u00e7.","breadcrumb":{"@id":"https:\/\/muzik.name\/en\/courses\/online-music-therapy\/#breadcrumb"},"inLanguage":"en-US","potentialAction":[{"@type":"ReadAction","target":["https:\/\/muzik.name\/en\/courses\/online-music-therapy\/"]}]},{"@type":"ImageObject","inLanguage":"en-US","@id":"https:\/\/muzik.name\/en\/courses\/online-music-therapy\/#primaryimage","url":"https:\/\/muzik.name\/wp-content\/uploads\/2020\/07\/muzik-terapi-dersleri.png","contentUrl":"https:\/\/muzik.name\/wp-content\/uploads\/2020\/07\/muzik-terapi-dersleri.png","width":800,"height":800,"caption":"Oud sketch"},{"@type":"BreadcrumbList","@id":"https:\/\/muzik.name\/en\/courses\/online-music-therapy\/#breadcrumb","itemListElement":[{"@type":"ListItem","position":1,"name":"Ana sayfa","item":"https:\/\/muzik.name\/en\/"},{"@type":"ListItem","position":2,"name":"Courses","item":"https:\/\/muzik.name\/en\/courses\/"},{"@type":"ListItem","position":3,"name":"Online Music Therapy Course with Michael Bachmaier-Ek\u015fi"}]},{"@type":"WebSite","@id":"https:\/\/muzik.name\/en\/#website","url":"https:\/\/muzik.name\/en\/","name":"muzik.name","description":"Music and its therapeutic value","potentialAction":[{"@type":"SearchAction","target":{"@type":"EntryPoint","urlTemplate":"https:\/\/muzik.name\/en\/?s={search_term_string}"},"query-input":{"@type":"PropertyValueSpecification","valueRequired":true,"valueName":"search_term_string"}}],"inLanguage":"en-US"}]}},"featured_image_src":"https:\/\/muzik.name\/wp-content\/uploads\/2020\/07\/muzik-terapi-dersleri.png","featured_image_src_square":"https:\/\/muzik.name\/wp-content\/uploads\/2020\/07\/muzik-terapi-dersleri.png","_links":{"self":[{"href":"https:\/\/muzik.name\/en\/wp-json\/wp\/v2\/pages\/910","targetHints":{"allow":["GET"]}}],"collection":[{"href":"https:\/\/muzik.name\/en\/wp-json\/wp\/v2\/pages"}],"about":[{"href":"https:\/\/muzik.name\/en\/wp-json\/wp\/v2\/types\/page"}],"author":[{"embeddable":true,"href":"https:\/\/muzik.name\/en\/wp-json\/wp\/v2\/users\/6"}],"replies":[{"embeddable":true,"href":"https:\/\/muzik.name\/en\/wp-json\/wp\/v2\/comments?post=910"}],"version-history":[{"count":39,"href":"https:\/\/muzik.name\/en\/wp-json\/wp\/v2\/pages\/910\/revisions"}],"predecessor-version":[{"id":1791,"href":"https:\/\/muzik.name\/en\/wp-json\/wp\/v2\/pages\/910\/revisions\/1791"}],"up":[{"embeddable":true,"href":"https:\/\/muzik.name\/en\/wp-json\/wp\/v2\/pages\/908"}],"wp:featuredmedia":[{"embeddable":true,"href":"https:\/\/muzik.name\/en\/wp-json\/wp\/v2\/media\/969"}],"wp:attachment":[{"href":"https:\/\/muzik.name\/en\/wp-json\/wp\/v2\/media?parent=910"}],"curies":[{"name":"wp","href":"https:\/\/api.w.org\/{rel}","templated":true}]}}