{"id":908,"date":"2020-07-12T16:06:38","date_gmt":"2020-07-12T13:06:38","guid":{"rendered":"http:\/\/muzik.name\/?page_id=908"},"modified":"2020-10-30T14:50:37","modified_gmt":"2020-10-30T11:50:37","slug":"courses","status":"publish","type":"page","link":"https:\/\/muzik.name\/en\/courses\/","title":{"rendered":"Courses"},"content":{"rendered":"\n<div class=\"wp-block-genesis-blocks-gb-columns gb-layout-columns-2 gb-2-col-equal\"><div class=\"gb-layout-column-wrap gb-block-layout-column-gap-2 gb-is-responsive-column\">\n<div class=\"wp-block-genesis-blocks-gb-column gb-block-layout-column\"><div class=\"gb-block-layout-column-inner\">\n<div class=\"wp-block-image\"><figure class=\"aligncenter size-full\"><img loading=\"lazy\" decoding=\"async\" width=\"800\" height=\"800\" src=\"http:\/\/muzik.name\/wp-content\/uploads\/2020\/07\/muzik-terapi-dersleri.png\" alt=\"ud eskizi\" class=\"wp-image-968\" srcset=\"https:\/\/muzik.name\/wp-content\/uploads\/2020\/07\/muzik-terapi-dersleri.png 800w, https:\/\/muzik.name\/wp-content\/uploads\/2020\/07\/muzik-terapi-dersleri-300x300.png 300w, https:\/\/muzik.name\/wp-content\/uploads\/2020\/07\/muzik-terapi-dersleri-150x150.png 150w, https:\/\/muzik.name\/wp-content\/uploads\/2020\/07\/muzik-terapi-dersleri-768x768.png 768w, https:\/\/muzik.name\/wp-content\/uploads\/2020\/07\/muzik-terapi-dersleri-600x600.png 600w\" sizes=\"auto, (max-width: 800px) 100vw, 800px\" \/><\/figure><\/div>\n\n\n\n<h3 class=\"wp-block-heading\"><a href=\"https:\/\/muzik.name\/en\/courses\/online-music-therapy\/\">Online Music Therapy Course<\/a><\/h3>\n\n\n\n<p>A course about the history, theory, analysis and practice of Turkish music therapy tradition as it was applied by Dr. Rahmi Oru\u00e7 G\u00fcven\u00e7.<\/p>\n\n\n\n<p><a href=\"https:\/\/muzik.name\/en\/courses\/online-music-therapy\/\">Go to Page<\/a><\/p>\n\n\n\n<p><\/p>\n<\/div><\/div>\n\n\n\n<div class=\"wp-block-genesis-blocks-gb-column gb-block-layout-column\"><div class=\"gb-block-layout-column-inner\">\n<div class=\"wp-block-image\"><figure class=\"aligncenter size-full\"><img loading=\"lazy\" decoding=\"async\" width=\"800\" height=\"800\" src=\"http:\/\/muzik.name\/wp-content\/uploads\/2020\/07\/makam-kampi-amblem.png\" alt=\"Makam kamp\u0131 - \u00e7ay barda\u011f\u0131 i\u00e7inde nota\" class=\"wp-image-971\" srcset=\"https:\/\/muzik.name\/wp-content\/uploads\/2020\/07\/makam-kampi-amblem.png 800w, https:\/\/muzik.name\/wp-content\/uploads\/2020\/07\/makam-kampi-amblem-300x300.png 300w, https:\/\/muzik.name\/wp-content\/uploads\/2020\/07\/makam-kampi-amblem-150x150.png 150w, https:\/\/muzik.name\/wp-content\/uploads\/2020\/07\/makam-kampi-amblem-768x768.png 768w, https:\/\/muzik.name\/wp-content\/uploads\/2020\/07\/makam-kampi-amblem-600x600.png 600w\" sizes=\"auto, (max-width: 800px) 100vw, 800px\" \/><\/figure><\/div>\n\n\n\n<h3 class=\"wp-block-heading\"><a href=\"https:\/\/muzik.name\/en\/courses\/makam-camp\/\">Makam Camp<\/a><\/h3>\n\n\n\n<p>Makam Camp is a 2-3 days event, organized to increase the knowledge and practical experience in Turkish music makams. Each camp focuses on one makam.<\/p>\n\n\n\n<p><a href=\"http:\/\/muzik.name\/makam-kampi\/\">Go to Page<\/a><\/p>\n\n\n\n<p><\/p>\n<\/div><\/div>\n<\/div><\/div>\n\n\n\n<hr class=\"wp-block-separator is-style-wide\"\/>\n\n\n\n<h2 class=\"wp-block-heading\"><a href=\"https:\/\/muzik.name\/en\/etkinlikler\/\"><a href=\"http:\/\/muzik.name\/etkinlikler\/\">Upcoming Events<\/a><\/a><\/h2>\n\n\n\n<p>Workshops, conferences, concerts\u2026<\/p>\n\n\n\n<p><a href=\"https:\/\/muzik.name\/en\/etkinlikler\/\">Go to Page<\/a><\/p>\n","protected":false},"excerpt":{"rendered":"<p>music.name courses aim to share information on Turkish music, music and movement therapy tradition as well as artistic, cultural and spiritual practices that maintain the connection with their essence.<\/p>\n","protected":false},"author":1,"featured_media":0,"parent":0,"menu_order":0,"comment_status":"closed","ping_status":"closed","template":"","meta":{"footnotes":""},"class_list":["post-908","page","type-page","status-publish","hentry"],"yoast_head":"<!-- This site is optimized with the Yoast SEO plugin v27.3 - https:\/\/yoast.com\/product\/yoast-seo-wordpress\/ -->\n<title>Courses - m\u00fczik.name<\/title>\n<meta name=\"description\" content=\"Sharing information on Turkish music, music therapy and artistic, cultural and spiritual practices that maintain the connection with their essence.\" \/>\n<meta name=\"robots\" content=\"index, follow, max-snippet:-1, max-image-preview:large, max-video-preview:-1\" \/>\n<link rel=\"canonical\" href=\"https:\/\/muzik.name\/en\/courses\/\" \/>\n<meta property=\"og:locale\" content=\"en_US\" \/>\n<meta property=\"og:type\" content=\"article\" \/>\n<meta property=\"og:title\" content=\"Courses - m\u00fczik.name\" \/>\n<meta property=\"og:description\" content=\"Sharing information on Turkish music, music therapy and artistic, cultural and spiritual practices that maintain the connection with their essence.\" \/>\n<meta property=\"og:url\" content=\"https:\/\/muzik.name\/en\/courses\/\" \/>\n<meta property=\"og:site_name\" content=\"m\u00fczik.name\" \/>\n<meta property=\"article:modified_time\" content=\"2020-10-30T11:50:37+00:00\" \/>\n<meta property=\"og:image\" content=\"http:\/\/muzik.name\/wp-content\/uploads\/2020\/07\/muzik-terapi-dersleri.png\" \/>\n<meta name=\"twitter:card\" content=\"summary_large_image\" \/>\n<script type=\"application\/ld+json\" class=\"yoast-schema-graph\">{\"@context\":\"https:\\\/\\\/schema.org\",\"@graph\":[{\"@type\":\"WebPage\",\"@id\":\"https:\\\/\\\/muzik.name\\\/en\\\/courses\\\/\",\"url\":\"https:\\\/\\\/muzik.name\\\/en\\\/courses\\\/\",\"name\":\"Courses - m\u00fczik.name\",\"isPartOf\":{\"@id\":\"https:\\\/\\\/muzik.name\\\/en\\\/#website\"},\"primaryImageOfPage\":{\"@id\":\"https:\\\/\\\/muzik.name\\\/en\\\/courses\\\/#primaryimage\"},\"image\":{\"@id\":\"https:\\\/\\\/muzik.name\\\/en\\\/courses\\\/#primaryimage\"},\"thumbnailUrl\":\"http:\\\/\\\/muzik.name\\\/wp-content\\\/uploads\\\/2020\\\/07\\\/muzik-terapi-dersleri.png\",\"datePublished\":\"2020-07-12T13:06:38+00:00\",\"dateModified\":\"2020-10-30T11:50:37+00:00\",\"description\":\"Sharing information on Turkish music, music therapy and artistic, cultural and spiritual practices that maintain the connection with their essence.\",\"breadcrumb\":{\"@id\":\"https:\\\/\\\/muzik.name\\\/en\\\/courses\\\/#breadcrumb\"},\"inLanguage\":\"en-US\",\"potentialAction\":[{\"@type\":\"ReadAction\",\"target\":[\"https:\\\/\\\/muzik.name\\\/en\\\/courses\\\/\"]}]},{\"@type\":\"ImageObject\",\"inLanguage\":\"en-US\",\"@id\":\"https:\\\/\\\/muzik.name\\\/en\\\/courses\\\/#primaryimage\",\"url\":\"http:\\\/\\\/muzik.name\\\/wp-content\\\/uploads\\\/2020\\\/07\\\/muzik-terapi-dersleri.png\",\"contentUrl\":\"http:\\\/\\\/muzik.name\\\/wp-content\\\/uploads\\\/2020\\\/07\\\/muzik-terapi-dersleri.png\"},{\"@type\":\"BreadcrumbList\",\"@id\":\"https:\\\/\\\/muzik.name\\\/en\\\/courses\\\/#breadcrumb\",\"itemListElement\":[{\"@type\":\"ListItem\",\"position\":1,\"name\":\"Ana sayfa\",\"item\":\"https:\\\/\\\/muzik.name\\\/en\\\/\"},{\"@type\":\"ListItem\",\"position\":2,\"name\":\"Courses\"}]},{\"@type\":\"WebSite\",\"@id\":\"https:\\\/\\\/muzik.name\\\/en\\\/#website\",\"url\":\"https:\\\/\\\/muzik.name\\\/en\\\/\",\"name\":\"muzik.name\",\"description\":\"Music and its therapeutic value\",\"potentialAction\":[{\"@type\":\"SearchAction\",\"target\":{\"@type\":\"EntryPoint\",\"urlTemplate\":\"https:\\\/\\\/muzik.name\\\/en\\\/?s={search_term_string}\"},\"query-input\":{\"@type\":\"PropertyValueSpecification\",\"valueRequired\":true,\"valueName\":\"search_term_string\"}}],\"inLanguage\":\"en-US\"}]}<\/script>\n<!-- \/ Yoast SEO plugin. -->","yoast_head_json":{"title":"Courses - m\u00fczik.name","description":"Sharing information on Turkish music, music therapy and artistic, cultural and spiritual practices that maintain the connection with their essence.","robots":{"index":"index","follow":"follow","max-snippet":"max-snippet:-1","max-image-preview":"max-image-preview:large","max-video-preview":"max-video-preview:-1"},"canonical":"https:\/\/muzik.name\/en\/courses\/","og_locale":"en_US","og_type":"article","og_title":"Courses - m\u00fczik.name","og_description":"Sharing information on Turkish music, music therapy and artistic, cultural and spiritual practices that maintain the connection with their essence.","og_url":"https:\/\/muzik.name\/en\/courses\/","og_site_name":"m\u00fczik.name","article_modified_time":"2020-10-30T11:50:37+00:00","og_image":[{"url":"http:\/\/muzik.name\/wp-content\/uploads\/2020\/07\/muzik-terapi-dersleri.png","type":"","width":"","height":""}],"twitter_card":"summary_large_image","schema":{"@context":"https:\/\/schema.org","@graph":[{"@type":"WebPage","@id":"https:\/\/muzik.name\/en\/courses\/","url":"https:\/\/muzik.name\/en\/courses\/","name":"Courses - m\u00fczik.name","isPartOf":{"@id":"https:\/\/muzik.name\/en\/#website"},"primaryImageOfPage":{"@id":"https:\/\/muzik.name\/en\/courses\/#primaryimage"},"image":{"@id":"https:\/\/muzik.name\/en\/courses\/#primaryimage"},"thumbnailUrl":"http:\/\/muzik.name\/wp-content\/uploads\/2020\/07\/muzik-terapi-dersleri.png","datePublished":"2020-07-12T13:06:38+00:00","dateModified":"2020-10-30T11:50:37+00:00","description":"Sharing information on Turkish music, music therapy and artistic, cultural and spiritual practices that maintain the connection with their essence.","breadcrumb":{"@id":"https:\/\/muzik.name\/en\/courses\/#breadcrumb"},"inLanguage":"en-US","potentialAction":[{"@type":"ReadAction","target":["https:\/\/muzik.name\/en\/courses\/"]}]},{"@type":"ImageObject","inLanguage":"en-US","@id":"https:\/\/muzik.name\/en\/courses\/#primaryimage","url":"http:\/\/muzik.name\/wp-content\/uploads\/2020\/07\/muzik-terapi-dersleri.png","contentUrl":"http:\/\/muzik.name\/wp-content\/uploads\/2020\/07\/muzik-terapi-dersleri.png"},{"@type":"BreadcrumbList","@id":"https:\/\/muzik.name\/en\/courses\/#breadcrumb","itemListElement":[{"@type":"ListItem","position":1,"name":"Ana sayfa","item":"https:\/\/muzik.name\/en\/"},{"@type":"ListItem","position":2,"name":"Courses"}]},{"@type":"WebSite","@id":"https:\/\/muzik.name\/en\/#website","url":"https:\/\/muzik.name\/en\/","name":"muzik.name","description":"Music and its therapeutic value","potentialAction":[{"@type":"SearchAction","target":{"@type":"EntryPoint","urlTemplate":"https:\/\/muzik.name\/en\/?s={search_term_string}"},"query-input":{"@type":"PropertyValueSpecification","valueRequired":true,"valueName":"search_term_string"}}],"inLanguage":"en-US"}]}},"featured_image_src":null,"featured_image_src_square":null,"_links":{"self":[{"href":"https:\/\/muzik.name\/en\/wp-json\/wp\/v2\/pages\/908","targetHints":{"allow":["GET"]}}],"collection":[{"href":"https:\/\/muzik.name\/en\/wp-json\/wp\/v2\/pages"}],"about":[{"href":"https:\/\/muzik.name\/en\/wp-json\/wp\/v2\/types\/page"}],"author":[{"embeddable":true,"href":"https:\/\/muzik.name\/en\/wp-json\/wp\/v2\/users\/1"}],"replies":[{"embeddable":true,"href":"https:\/\/muzik.name\/en\/wp-json\/wp\/v2\/comments?post=908"}],"version-history":[{"count":3,"href":"https:\/\/muzik.name\/en\/wp-json\/wp\/v2\/pages\/908\/revisions"}],"predecessor-version":[{"id":1088,"href":"https:\/\/muzik.name\/en\/wp-json\/wp\/v2\/pages\/908\/revisions\/1088"}],"wp:attachment":[{"href":"https:\/\/muzik.name\/en\/wp-json\/wp\/v2\/media?parent=908"}],"curies":[{"name":"wp","href":"https:\/\/api.w.org\/{rel}","templated":true}]}}