{"id":416,"date":"2019-07-18T18:58:41","date_gmt":"2019-07-18T15:58:41","guid":{"rendered":"http:\/\/muzik.name\/front-page\/"},"modified":"2021-09-17T15:08:25","modified_gmt":"2021-09-17T12:08:25","slug":"front-page","status":"publish","type":"page","link":"https:\/\/muzik.name\/en\/","title":{"rendered":"Muzikname"},"content":{"rendered":"\n<div class=\"wp-block-media-text alignwide is-stacked-on-mobile is-vertically-aligned-top\" style=\"grid-template-columns:45% auto\"><figure class=\"wp-block-media-text__media\"><img loading=\"lazy\" decoding=\"async\" width=\"800\" height=\"800\" src=\"http:\/\/muzik.name\/wp-content\/uploads\/2020\/07\/muzik-terapi-dersleri.png\" alt=\"Oud sketch\" class=\"wp-image-968 size-full\" srcset=\"https:\/\/muzik.name\/wp-content\/uploads\/2020\/07\/muzik-terapi-dersleri.png 800w, https:\/\/muzik.name\/wp-content\/uploads\/2020\/07\/muzik-terapi-dersleri-300x300.png 300w, https:\/\/muzik.name\/wp-content\/uploads\/2020\/07\/muzik-terapi-dersleri-150x150.png 150w, https:\/\/muzik.name\/wp-content\/uploads\/2020\/07\/muzik-terapi-dersleri-768x768.png 768w, https:\/\/muzik.name\/wp-content\/uploads\/2020\/07\/muzik-terapi-dersleri-600x600.png 600w\" sizes=\"auto, (max-width: 800px) 100vw, 800px\" \/><\/figure><div class=\"wp-block-media-text__content\">\n<h2 class=\"wp-block-heading\" style=\"font-size:42px\"><a href=\"https:\/\/muzik.name\/en\/courses\/online-music-therapy\/\">Online Music Therapy Course<\/a><\/h2>\n\n\n\n<p>A course about the history, theory, analysis and practice of Turkish music therapy tradition as it was applied by Dr. Rahmi Oru\u00e7 G\u00fcven\u00e7.<br><a href=\"https:\/\/muzik.name\/en\/courses\/online-music-therapy\/\">Go to page<\/a><\/p>\n\n\n\n<hr class=\"wp-block-separator\"\/>\n\n\n\n<h3 class=\"wp-block-heading\"><a href=\"https:\/\/muzik.name\/en\/courses\/online-music-therapy\/principles-of-makam-design\/\">The Principles of Makam Design &#8211; OMT6<\/a><\/h3>\n\n\n\n<p>Functional tones, scales, orientation, extensions, melodic progression, stereotyped motives, modulations.<\/p>\n\n\n\n<p>4 Sessions. September 30 &#8211; November 11, 2021<\/p>\n<\/div><\/div>\n\n\n\n<hr class=\"wp-block-separator is-style-wide\"\/>\n\n\n\n<div class=\"wp-block-media-text alignwide is-stacked-on-mobile\" style=\"grid-template-columns:45% auto\"><figure class=\"wp-block-media-text__media\"><img loading=\"lazy\" decoding=\"async\" width=\"800\" height=\"800\" src=\"http:\/\/muzik.name\/wp-content\/uploads\/2020\/07\/makam-kampi-amblem.png\" alt=\"Makam camp - musical note in tea glass\" class=\"wp-image-971 size-full\" srcset=\"https:\/\/muzik.name\/wp-content\/uploads\/2020\/07\/makam-kampi-amblem.png 800w, https:\/\/muzik.name\/wp-content\/uploads\/2020\/07\/makam-kampi-amblem-300x300.png 300w, https:\/\/muzik.name\/wp-content\/uploads\/2020\/07\/makam-kampi-amblem-150x150.png 150w, https:\/\/muzik.name\/wp-content\/uploads\/2020\/07\/makam-kampi-amblem-768x768.png 768w, https:\/\/muzik.name\/wp-content\/uploads\/2020\/07\/makam-kampi-amblem-600x600.png 600w\" sizes=\"auto, (max-width: 800px) 100vw, 800px\" \/><\/figure><div class=\"wp-block-media-text__content\">\n<h2 class=\"wp-block-heading\"><a href=\"https:\/\/muzik.name\/en\/courses\/makam-camp\/\">Makam Camp<\/a><\/h2>\n\n\n\n<p>Makam Camp is a 2-3 days event, organized to increase the knowledge and practical experience in Turkish music makams. Each camp focuses on one makam.<\/p>\n\n\n\n<p><a href=\"https:\/\/muzik.name\/en\/courses\/makam-camp\/\">Go to page<\/a><\/p>\n<\/div><\/div>\n","protected":false},"excerpt":{"rendered":"<p>Makam Camp Makam Camp is a 2-3 days event, organized to increase the knowledge and practical experience in Turkish music makams. Each camp focuses on&hellip;<\/p>\n","protected":false},"author":1,"featured_media":0,"parent":0,"menu_order":0,"comment_status":"closed","ping_status":"closed","template":"","meta":{"footnotes":""},"class_list":["post-416","page","type-page","status-publish","hentry"],"yoast_head":"<!-- This site is optimized with the Yoast SEO plugin v27.3 - https:\/\/yoast.com\/product\/yoast-seo-wordpress\/ -->\n<title>Muzikname - m\u00fczik.name<\/title>\n<meta name=\"description\" content=\"Turkish music, its therapeutic value, texts on theory and practice. Information on related events and resources.\" \/>\n<meta name=\"robots\" content=\"index, follow, max-snippet:-1, max-image-preview:large, max-video-preview:-1\" \/>\n<link rel=\"canonical\" href=\"https:\/\/muzik.name\/en\/\" \/>\n<meta property=\"og:locale\" content=\"en_US\" \/>\n<meta property=\"og:type\" content=\"article\" \/>\n<meta property=\"og:title\" content=\"Muzikname - m\u00fczik.name\" \/>\n<meta property=\"og:description\" content=\"Turkish music, its therapeutic value, texts on theory and practice. Information on related events and resources.\" \/>\n<meta property=\"og:url\" content=\"https:\/\/muzik.name\/en\/\" \/>\n<meta property=\"og:site_name\" content=\"m\u00fczik.name\" \/>\n<meta property=\"article:modified_time\" content=\"2021-09-17T12:08:25+00:00\" \/>\n<meta property=\"og:image\" content=\"http:\/\/muzik.name\/wp-content\/uploads\/2020\/07\/muzik-terapi-dersleri.png\" \/>\n<meta name=\"twitter:card\" content=\"summary_large_image\" \/>\n<meta name=\"twitter:label1\" content=\"Est. reading time\" \/>\n\t<meta name=\"twitter:data1\" content=\"1 minute\" \/>\n<script type=\"application\/ld+json\" class=\"yoast-schema-graph\">{\"@context\":\"https:\\\/\\\/schema.org\",\"@graph\":[{\"@type\":\"WebPage\",\"@id\":\"https:\\\/\\\/muzik.name\\\/en\\\/\",\"url\":\"https:\\\/\\\/muzik.name\\\/en\\\/\",\"name\":\"Muzikname - m\u00fczik.name\",\"isPartOf\":{\"@id\":\"https:\\\/\\\/muzik.name\\\/en\\\/#website\"},\"primaryImageOfPage\":{\"@id\":\"https:\\\/\\\/muzik.name\\\/en\\\/#primaryimage\"},\"image\":{\"@id\":\"https:\\\/\\\/muzik.name\\\/en\\\/#primaryimage\"},\"thumbnailUrl\":\"http:\\\/\\\/muzik.name\\\/wp-content\\\/uploads\\\/2020\\\/07\\\/muzik-terapi-dersleri.png\",\"datePublished\":\"2019-07-18T15:58:41+00:00\",\"dateModified\":\"2021-09-17T12:08:25+00:00\",\"description\":\"Turkish music, its therapeutic value, texts on theory and practice. Information on related events and resources.\",\"breadcrumb\":{\"@id\":\"https:\\\/\\\/muzik.name\\\/en\\\/#breadcrumb\"},\"inLanguage\":\"en-US\",\"potentialAction\":[{\"@type\":\"ReadAction\",\"target\":[\"https:\\\/\\\/muzik.name\\\/en\\\/\"]}]},{\"@type\":\"ImageObject\",\"inLanguage\":\"en-US\",\"@id\":\"https:\\\/\\\/muzik.name\\\/en\\\/#primaryimage\",\"url\":\"http:\\\/\\\/muzik.name\\\/wp-content\\\/uploads\\\/2020\\\/07\\\/muzik-terapi-dersleri.png\",\"contentUrl\":\"http:\\\/\\\/muzik.name\\\/wp-content\\\/uploads\\\/2020\\\/07\\\/muzik-terapi-dersleri.png\"},{\"@type\":\"BreadcrumbList\",\"@id\":\"https:\\\/\\\/muzik.name\\\/en\\\/#breadcrumb\",\"itemListElement\":[{\"@type\":\"ListItem\",\"position\":1,\"name\":\"Ana sayfa\",\"item\":\"https:\\\/\\\/muzik.name\\\/en\\\/\"},{\"@type\":\"ListItem\",\"position\":2,\"name\":\"Muzikname\"}]},{\"@type\":\"WebSite\",\"@id\":\"https:\\\/\\\/muzik.name\\\/en\\\/#website\",\"url\":\"https:\\\/\\\/muzik.name\\\/en\\\/\",\"name\":\"muzik.name\",\"description\":\"Music and its therapeutic value\",\"potentialAction\":[{\"@type\":\"SearchAction\",\"target\":{\"@type\":\"EntryPoint\",\"urlTemplate\":\"https:\\\/\\\/muzik.name\\\/en\\\/?s={search_term_string}\"},\"query-input\":{\"@type\":\"PropertyValueSpecification\",\"valueRequired\":true,\"valueName\":\"search_term_string\"}}],\"inLanguage\":\"en-US\"}]}<\/script>\n<!-- \/ Yoast SEO plugin. -->","yoast_head_json":{"title":"Muzikname - m\u00fczik.name","description":"Turkish music, its therapeutic value, texts on theory and practice. Information on related events and resources.","robots":{"index":"index","follow":"follow","max-snippet":"max-snippet:-1","max-image-preview":"max-image-preview:large","max-video-preview":"max-video-preview:-1"},"canonical":"https:\/\/muzik.name\/en\/","og_locale":"en_US","og_type":"article","og_title":"Muzikname - m\u00fczik.name","og_description":"Turkish music, its therapeutic value, texts on theory and practice. Information on related events and resources.","og_url":"https:\/\/muzik.name\/en\/","og_site_name":"m\u00fczik.name","article_modified_time":"2021-09-17T12:08:25+00:00","og_image":[{"url":"http:\/\/muzik.name\/wp-content\/uploads\/2020\/07\/muzik-terapi-dersleri.png","type":"","width":"","height":""}],"twitter_card":"summary_large_image","twitter_misc":{"Est. reading time":"1 minute"},"schema":{"@context":"https:\/\/schema.org","@graph":[{"@type":"WebPage","@id":"https:\/\/muzik.name\/en\/","url":"https:\/\/muzik.name\/en\/","name":"Muzikname - m\u00fczik.name","isPartOf":{"@id":"https:\/\/muzik.name\/en\/#website"},"primaryImageOfPage":{"@id":"https:\/\/muzik.name\/en\/#primaryimage"},"image":{"@id":"https:\/\/muzik.name\/en\/#primaryimage"},"thumbnailUrl":"http:\/\/muzik.name\/wp-content\/uploads\/2020\/07\/muzik-terapi-dersleri.png","datePublished":"2019-07-18T15:58:41+00:00","dateModified":"2021-09-17T12:08:25+00:00","description":"Turkish music, its therapeutic value, texts on theory and practice. Information on related events and resources.","breadcrumb":{"@id":"https:\/\/muzik.name\/en\/#breadcrumb"},"inLanguage":"en-US","potentialAction":[{"@type":"ReadAction","target":["https:\/\/muzik.name\/en\/"]}]},{"@type":"ImageObject","inLanguage":"en-US","@id":"https:\/\/muzik.name\/en\/#primaryimage","url":"http:\/\/muzik.name\/wp-content\/uploads\/2020\/07\/muzik-terapi-dersleri.png","contentUrl":"http:\/\/muzik.name\/wp-content\/uploads\/2020\/07\/muzik-terapi-dersleri.png"},{"@type":"BreadcrumbList","@id":"https:\/\/muzik.name\/en\/#breadcrumb","itemListElement":[{"@type":"ListItem","position":1,"name":"Ana sayfa","item":"https:\/\/muzik.name\/en\/"},{"@type":"ListItem","position":2,"name":"Muzikname"}]},{"@type":"WebSite","@id":"https:\/\/muzik.name\/en\/#website","url":"https:\/\/muzik.name\/en\/","name":"muzik.name","description":"Music and its therapeutic value","potentialAction":[{"@type":"SearchAction","target":{"@type":"EntryPoint","urlTemplate":"https:\/\/muzik.name\/en\/?s={search_term_string}"},"query-input":{"@type":"PropertyValueSpecification","valueRequired":true,"valueName":"search_term_string"}}],"inLanguage":"en-US"}]}},"featured_image_src":null,"featured_image_src_square":null,"_links":{"self":[{"href":"https:\/\/muzik.name\/en\/wp-json\/wp\/v2\/pages\/416","targetHints":{"allow":["GET"]}}],"collection":[{"href":"https:\/\/muzik.name\/en\/wp-json\/wp\/v2\/pages"}],"about":[{"href":"https:\/\/muzik.name\/en\/wp-json\/wp\/v2\/types\/page"}],"author":[{"embeddable":true,"href":"https:\/\/muzik.name\/en\/wp-json\/wp\/v2\/users\/1"}],"replies":[{"embeddable":true,"href":"https:\/\/muzik.name\/en\/wp-json\/wp\/v2\/comments?post=416"}],"version-history":[{"count":40,"href":"https:\/\/muzik.name\/en\/wp-json\/wp\/v2\/pages\/416\/revisions"}],"predecessor-version":[{"id":1704,"href":"https:\/\/muzik.name\/en\/wp-json\/wp\/v2\/pages\/416\/revisions\/1704"}],"wp:attachment":[{"href":"https:\/\/muzik.name\/en\/wp-json\/wp\/v2\/media?parent=416"}],"curies":[{"name":"wp","href":"https:\/\/api.w.org\/{rel}","templated":true}]}}