{"id":1596,"date":"2021-06-11T14:47:46","date_gmt":"2021-06-11T11:47:46","guid":{"rendered":"http:\/\/muzik.name\/courses\/online-music-therapy\/the-basics-of-makam-music-tones-notation-intervals-accidentals-pitch-names-tuning\/"},"modified":"2021-06-11T15:12:21","modified_gmt":"2021-06-11T12:12:21","slug":"the-basics-of-makam-music","status":"publish","type":"page","link":"https:\/\/muzik.name\/en\/courses\/online-music-therapy\/the-basics-of-makam-music\/","title":{"rendered":"The basics of makam music \u2013 Tones, notation, intervals, accidentals, pitch names, tuning"},"content":{"rendered":"\n<p>Fifth module of the course &#8220;<a href=\"https:\/\/muzik.name\/en\/courses\/online-music-therapy\/\">Online Music Therapy Course with Michael Bachmaier-Ek\u015fi<\/a>&#8220;. 5 sessions and Workshops, 450 minutes<\/p>\n\n\n\n<p>Lession 1: A walk to the makams by travelling from Western to Eastern Music<br><em>Exercise along the way: playing musical examples in Sol major, Rast, Neva, H\u00fcseyni, U\u015f\u015fak, Buselik and Hicaz<\/em><\/p>\n\n\n\n<p>Lesson 2: Notation of modern Turkish makam music<br><em>Exercise: playing special Turkish tones on our instruments<\/em><br><em>Exercise: playing examples of classic music literature<\/em><\/p>\n\n\n\n<p>Lesson 3: Turkish whole tones and halftones<br><em>Exercise: fixing the si-flats of al Farabi, Ibn Sina and al-Urmawi on our instruments.<\/em><br><em>Exercise: playing the si-flats of U\u015f\u015fak and Segah<\/em><\/p>\n\n\n\n<p>Lesson 4: Turkish pitch names<br><em>Exercise: playing classic musical pieces to learn pitch names easier.<\/em><\/p>\n\n\n\n<p>Lesson 5: Tunings \u2013 low and high accord, tone in modern Turkish music and classic music<br><em>Exercise: playing in low and high accord<\/em><\/p>\n","protected":false},"excerpt":{"rendered":"<p>Fifth module of the course &#8220;Online Music Therapy Course with Michael Bachmaier-Ek\u015fi&#8220;. 5 sessions and Workshops, 450 minutes Lession 1: A walk to the makams&hellip;<\/p>\n","protected":false},"author":1,"featured_media":0,"parent":910,"menu_order":0,"comment_status":"closed","ping_status":"closed","template":"","meta":{"footnotes":""},"class_list":["post-1596","page","type-page","status-publish","hentry"],"yoast_head":"<!-- This site is optimized with the Yoast SEO plugin v27.4 - https:\/\/yoast.com\/product\/yoast-seo-wordpress\/ -->\n<title>The basics of makam music \u2013 Tones, notation, intervals, accidentals, pitch names, tuning - m\u00fczik.name<\/title>\n<meta name=\"robots\" content=\"index, follow, max-snippet:-1, max-image-preview:large, max-video-preview:-1\" \/>\n<link rel=\"canonical\" href=\"https:\/\/muzik.name\/en\/courses\/online-music-therapy\/the-basics-of-makam-music\/\" \/>\n<meta property=\"og:locale\" content=\"en_US\" \/>\n<meta property=\"og:type\" content=\"article\" \/>\n<meta property=\"og:title\" content=\"The basics of makam music \u2013 Tones, notation, intervals, accidentals, pitch names, tuning - m\u00fczik.name\" \/>\n<meta property=\"og:description\" content=\"Fifth module of the course &#8220;Online Music Therapy Course with Michael Bachmaier-Ek\u015fi&#8220;. 5 sessions and Workshops, 450 minutes Lession 1: A walk to the makams&hellip;\" \/>\n<meta property=\"og:url\" content=\"https:\/\/muzik.name\/en\/courses\/online-music-therapy\/the-basics-of-makam-music\/\" \/>\n<meta property=\"og:site_name\" content=\"m\u00fczik.name\" \/>\n<meta property=\"article:modified_time\" content=\"2021-06-11T12:12:21+00:00\" \/>\n<meta name=\"twitter:card\" content=\"summary_large_image\" \/>\n<meta name=\"twitter:label1\" content=\"Est. reading time\" \/>\n\t<meta name=\"twitter:data1\" content=\"1 minute\" \/>\n<script type=\"application\/ld+json\" class=\"yoast-schema-graph\">{\"@context\":\"https:\\\/\\\/schema.org\",\"@graph\":[{\"@type\":\"WebPage\",\"@id\":\"https:\\\/\\\/muzik.name\\\/en\\\/courses\\\/online-music-therapy\\\/the-basics-of-makam-music\\\/\",\"url\":\"https:\\\/\\\/muzik.name\\\/en\\\/courses\\\/online-music-therapy\\\/the-basics-of-makam-music\\\/\",\"name\":\"The basics of makam music \u2013 Tones, notation, intervals, accidentals, pitch names, tuning - m\u00fczik.name\",\"isPartOf\":{\"@id\":\"https:\\\/\\\/muzik.name\\\/en\\\/#website\"},\"datePublished\":\"2021-06-11T11:47:46+00:00\",\"dateModified\":\"2021-06-11T12:12:21+00:00\",\"breadcrumb\":{\"@id\":\"https:\\\/\\\/muzik.name\\\/en\\\/courses\\\/online-music-therapy\\\/the-basics-of-makam-music\\\/#breadcrumb\"},\"inLanguage\":\"en-US\",\"potentialAction\":[{\"@type\":\"ReadAction\",\"target\":[\"https:\\\/\\\/muzik.name\\\/en\\\/courses\\\/online-music-therapy\\\/the-basics-of-makam-music\\\/\"]}]},{\"@type\":\"BreadcrumbList\",\"@id\":\"https:\\\/\\\/muzik.name\\\/en\\\/courses\\\/online-music-therapy\\\/the-basics-of-makam-music\\\/#breadcrumb\",\"itemListElement\":[{\"@type\":\"ListItem\",\"position\":1,\"name\":\"Ana sayfa\",\"item\":\"https:\\\/\\\/muzik.name\\\/en\\\/\"},{\"@type\":\"ListItem\",\"position\":2,\"name\":\"Courses\",\"item\":\"https:\\\/\\\/muzik.name\\\/en\\\/courses\\\/\"},{\"@type\":\"ListItem\",\"position\":3,\"name\":\"Online Music Therapy Course with Michael Bachmaier-Ek\u015fi\",\"item\":\"https:\\\/\\\/muzik.name\\\/en\\\/courses\\\/online-music-therapy\\\/\"},{\"@type\":\"ListItem\",\"position\":4,\"name\":\"The basics of makam music \u2013 Tones, notation, intervals, accidentals, pitch names, tuning\"}]},{\"@type\":\"WebSite\",\"@id\":\"https:\\\/\\\/muzik.name\\\/en\\\/#website\",\"url\":\"https:\\\/\\\/muzik.name\\\/en\\\/\",\"name\":\"muzik.name\",\"description\":\"Music and its therapeutic value\",\"potentialAction\":[{\"@type\":\"SearchAction\",\"target\":{\"@type\":\"EntryPoint\",\"urlTemplate\":\"https:\\\/\\\/muzik.name\\\/en\\\/?s={search_term_string}\"},\"query-input\":{\"@type\":\"PropertyValueSpecification\",\"valueRequired\":true,\"valueName\":\"search_term_string\"}}],\"inLanguage\":\"en-US\"}]}<\/script>\n<!-- \/ Yoast SEO plugin. -->","yoast_head_json":{"title":"The basics of makam music \u2013 Tones, notation, intervals, accidentals, pitch names, tuning - m\u00fczik.name","robots":{"index":"index","follow":"follow","max-snippet":"max-snippet:-1","max-image-preview":"max-image-preview:large","max-video-preview":"max-video-preview:-1"},"canonical":"https:\/\/muzik.name\/en\/courses\/online-music-therapy\/the-basics-of-makam-music\/","og_locale":"en_US","og_type":"article","og_title":"The basics of makam music \u2013 Tones, notation, intervals, accidentals, pitch names, tuning - m\u00fczik.name","og_description":"Fifth module of the course &#8220;Online Music Therapy Course with Michael Bachmaier-Ek\u015fi&#8220;. 5 sessions and Workshops, 450 minutes Lession 1: A walk to the makams&hellip;","og_url":"https:\/\/muzik.name\/en\/courses\/online-music-therapy\/the-basics-of-makam-music\/","og_site_name":"m\u00fczik.name","article_modified_time":"2021-06-11T12:12:21+00:00","twitter_card":"summary_large_image","twitter_misc":{"Est. reading time":"1 minute"},"schema":{"@context":"https:\/\/schema.org","@graph":[{"@type":"WebPage","@id":"https:\/\/muzik.name\/en\/courses\/online-music-therapy\/the-basics-of-makam-music\/","url":"https:\/\/muzik.name\/en\/courses\/online-music-therapy\/the-basics-of-makam-music\/","name":"The basics of makam music \u2013 Tones, notation, intervals, accidentals, pitch names, tuning - m\u00fczik.name","isPartOf":{"@id":"https:\/\/muzik.name\/en\/#website"},"datePublished":"2021-06-11T11:47:46+00:00","dateModified":"2021-06-11T12:12:21+00:00","breadcrumb":{"@id":"https:\/\/muzik.name\/en\/courses\/online-music-therapy\/the-basics-of-makam-music\/#breadcrumb"},"inLanguage":"en-US","potentialAction":[{"@type":"ReadAction","target":["https:\/\/muzik.name\/en\/courses\/online-music-therapy\/the-basics-of-makam-music\/"]}]},{"@type":"BreadcrumbList","@id":"https:\/\/muzik.name\/en\/courses\/online-music-therapy\/the-basics-of-makam-music\/#breadcrumb","itemListElement":[{"@type":"ListItem","position":1,"name":"Ana sayfa","item":"https:\/\/muzik.name\/en\/"},{"@type":"ListItem","position":2,"name":"Courses","item":"https:\/\/muzik.name\/en\/courses\/"},{"@type":"ListItem","position":3,"name":"Online Music Therapy Course with Michael Bachmaier-Ek\u015fi","item":"https:\/\/muzik.name\/en\/courses\/online-music-therapy\/"},{"@type":"ListItem","position":4,"name":"The basics of makam music \u2013 Tones, notation, intervals, accidentals, pitch names, tuning"}]},{"@type":"WebSite","@id":"https:\/\/muzik.name\/en\/#website","url":"https:\/\/muzik.name\/en\/","name":"muzik.name","description":"Music and its therapeutic value","potentialAction":[{"@type":"SearchAction","target":{"@type":"EntryPoint","urlTemplate":"https:\/\/muzik.name\/en\/?s={search_term_string}"},"query-input":{"@type":"PropertyValueSpecification","valueRequired":true,"valueName":"search_term_string"}}],"inLanguage":"en-US"}]}},"featured_image_src":null,"featured_image_src_square":null,"_links":{"self":[{"href":"https:\/\/muzik.name\/en\/wp-json\/wp\/v2\/pages\/1596","targetHints":{"allow":["GET"]}}],"collection":[{"href":"https:\/\/muzik.name\/en\/wp-json\/wp\/v2\/pages"}],"about":[{"href":"https:\/\/muzik.name\/en\/wp-json\/wp\/v2\/types\/page"}],"author":[{"embeddable":true,"href":"https:\/\/muzik.name\/en\/wp-json\/wp\/v2\/users\/1"}],"replies":[{"embeddable":true,"href":"https:\/\/muzik.name\/en\/wp-json\/wp\/v2\/comments?post=1596"}],"version-history":[{"count":4,"href":"https:\/\/muzik.name\/en\/wp-json\/wp\/v2\/pages\/1596\/revisions"}],"predecessor-version":[{"id":1600,"href":"https:\/\/muzik.name\/en\/wp-json\/wp\/v2\/pages\/1596\/revisions\/1600"}],"up":[{"embeddable":true,"href":"https:\/\/muzik.name\/en\/wp-json\/wp\/v2\/pages\/910"}],"wp:attachment":[{"href":"https:\/\/muzik.name\/en\/wp-json\/wp\/v2\/media?parent=1596"}],"curies":[{"name":"wp","href":"https:\/\/api.w.org\/{rel}","templated":true}]}}