{"id":1532,"date":"2021-03-01T22:39:27","date_gmt":"2021-03-01T19:39:27","guid":{"rendered":"http:\/\/muzik.name\/courses\/online-music-therapy\/the-historical-medico-musical-sources-of-turkish-makam-therapy\/"},"modified":"2021-06-11T15:11:33","modified_gmt":"2021-06-11T12:11:33","slug":"the-historical-medico-musical-sources-of-turkish-makam-therapy","status":"publish","type":"page","link":"https:\/\/muzik.name\/en\/courses\/online-music-therapy\/the-historical-medico-musical-sources-of-turkish-makam-therapy\/","title":{"rendered":"The historical medico-musical sources of Turkish Makam Therapy"},"content":{"rendered":"\n<p>Fourth module of the course \u201c<a href=\"https:\/\/muzik.name\/en\/courses\/online-music-therapy\/\">Online Music Therapy Course with Michael Bachmaier-Ek\u015fi<\/a>\u201c. 5 sessions and Workshops, 450 minutes<\/p>\n\n\n\n<p>Lesson 1: The basic principles of Ibn Sina Medicine<br><em>Analysing and exercising a section of Oru\u00e7 G\u00fcven\u00e7\u2019s Rast improvisation.<\/em><\/p>\n\n\n\n<p>Lesson 2: Diagnosis of Ibn Sina Medicine and its application in makam therapy<br><em>Analysing and exercising a section of Oru\u00e7 G\u00fcven\u00e7\u2019s U\u015f\u015fak improvisation.<\/em><\/p>\n\n\n\n<p>Lesson 3: Combining Ibn Sina therapy with makam therapy<br><em>Analysing and exercising a section of Oru\u00e7 G\u00fcven\u00e7\u2019s H\u00fcseyni improvisation.<\/em><\/p>\n\n\n\n<p>Lesson 4: Anonymous Gotha: different makams cure different diseases<br><em>Analysing and exercising a section of Oru\u00e7 G\u00fcven\u00e7\u2019s Neva improvisation.<\/em><\/p>\n\n\n\n<p>Lesson 5: Ha\u015fim Bey Mecmuas\u0131: a last Ottoman echo of medieval music therapy<br><em>Analysing and exercising a section of Oru\u00e7 G\u00fcven\u00e7\u2019s Hicaz improvisation.<\/em><\/p>\n","protected":false},"excerpt":{"rendered":"<p>Fourth module of the course \u201cOnline Music Therapy Course with Michael Bachmaier-Ek\u015fi\u201c. 5 sessions and Workshops, 450 minutes Lesson 1: The basic principles of Ibn&hellip;<\/p>\n","protected":false},"author":1,"featured_media":0,"parent":910,"menu_order":0,"comment_status":"closed","ping_status":"closed","template":"","meta":{"footnotes":""},"class_list":["post-1532","page","type-page","status-publish","hentry"],"yoast_head":"<!-- This site is optimized with the Yoast SEO plugin v27.3 - https:\/\/yoast.com\/product\/yoast-seo-wordpress\/ -->\n<title>The historical medico-musical sources of Turkish Makam Therapy - m\u00fczik.name<\/title>\n<meta name=\"robots\" content=\"index, follow, max-snippet:-1, max-image-preview:large, max-video-preview:-1\" \/>\n<link rel=\"canonical\" href=\"https:\/\/muzik.name\/en\/courses\/online-music-therapy\/the-historical-medico-musical-sources-of-turkish-makam-therapy\/\" \/>\n<meta property=\"og:locale\" content=\"en_US\" \/>\n<meta property=\"og:type\" content=\"article\" \/>\n<meta property=\"og:title\" content=\"The historical medico-musical sources of Turkish Makam Therapy - m\u00fczik.name\" \/>\n<meta property=\"og:description\" content=\"Fourth module of the course \u201cOnline Music Therapy Course with Michael Bachmaier-Ek\u015fi\u201c. 5 sessions and Workshops, 450 minutes Lesson 1: The basic principles of Ibn&hellip;\" \/>\n<meta property=\"og:url\" content=\"https:\/\/muzik.name\/en\/courses\/online-music-therapy\/the-historical-medico-musical-sources-of-turkish-makam-therapy\/\" \/>\n<meta property=\"og:site_name\" content=\"m\u00fczik.name\" \/>\n<meta property=\"article:modified_time\" content=\"2021-06-11T12:11:33+00:00\" \/>\n<meta name=\"twitter:card\" content=\"summary_large_image\" \/>\n<meta name=\"twitter:label1\" content=\"Est. reading time\" \/>\n\t<meta name=\"twitter:data1\" content=\"1 minute\" \/>\n<script type=\"application\/ld+json\" class=\"yoast-schema-graph\">{\"@context\":\"https:\\\/\\\/schema.org\",\"@graph\":[{\"@type\":\"WebPage\",\"@id\":\"https:\\\/\\\/muzik.name\\\/en\\\/courses\\\/online-music-therapy\\\/the-historical-medico-musical-sources-of-turkish-makam-therapy\\\/\",\"url\":\"https:\\\/\\\/muzik.name\\\/en\\\/courses\\\/online-music-therapy\\\/the-historical-medico-musical-sources-of-turkish-makam-therapy\\\/\",\"name\":\"The historical medico-musical sources of Turkish Makam Therapy - m\u00fczik.name\",\"isPartOf\":{\"@id\":\"https:\\\/\\\/muzik.name\\\/en\\\/#website\"},\"datePublished\":\"2021-03-01T19:39:27+00:00\",\"dateModified\":\"2021-06-11T12:11:33+00:00\",\"breadcrumb\":{\"@id\":\"https:\\\/\\\/muzik.name\\\/en\\\/courses\\\/online-music-therapy\\\/the-historical-medico-musical-sources-of-turkish-makam-therapy\\\/#breadcrumb\"},\"inLanguage\":\"en-US\",\"potentialAction\":[{\"@type\":\"ReadAction\",\"target\":[\"https:\\\/\\\/muzik.name\\\/en\\\/courses\\\/online-music-therapy\\\/the-historical-medico-musical-sources-of-turkish-makam-therapy\\\/\"]}]},{\"@type\":\"BreadcrumbList\",\"@id\":\"https:\\\/\\\/muzik.name\\\/en\\\/courses\\\/online-music-therapy\\\/the-historical-medico-musical-sources-of-turkish-makam-therapy\\\/#breadcrumb\",\"itemListElement\":[{\"@type\":\"ListItem\",\"position\":1,\"name\":\"Ana sayfa\",\"item\":\"https:\\\/\\\/muzik.name\\\/en\\\/\"},{\"@type\":\"ListItem\",\"position\":2,\"name\":\"Courses\",\"item\":\"https:\\\/\\\/muzik.name\\\/en\\\/courses\\\/\"},{\"@type\":\"ListItem\",\"position\":3,\"name\":\"Online Music Therapy Course with Michael Bachmaier-Ek\u015fi\",\"item\":\"https:\\\/\\\/muzik.name\\\/en\\\/courses\\\/online-music-therapy\\\/\"},{\"@type\":\"ListItem\",\"position\":4,\"name\":\"The historical medico-musical sources of Turkish Makam Therapy\"}]},{\"@type\":\"WebSite\",\"@id\":\"https:\\\/\\\/muzik.name\\\/en\\\/#website\",\"url\":\"https:\\\/\\\/muzik.name\\\/en\\\/\",\"name\":\"muzik.name\",\"description\":\"Music and its therapeutic value\",\"potentialAction\":[{\"@type\":\"SearchAction\",\"target\":{\"@type\":\"EntryPoint\",\"urlTemplate\":\"https:\\\/\\\/muzik.name\\\/en\\\/?s={search_term_string}\"},\"query-input\":{\"@type\":\"PropertyValueSpecification\",\"valueRequired\":true,\"valueName\":\"search_term_string\"}}],\"inLanguage\":\"en-US\"}]}<\/script>\n<!-- \/ Yoast SEO plugin. -->","yoast_head_json":{"title":"The historical medico-musical sources of Turkish Makam Therapy - m\u00fczik.name","robots":{"index":"index","follow":"follow","max-snippet":"max-snippet:-1","max-image-preview":"max-image-preview:large","max-video-preview":"max-video-preview:-1"},"canonical":"https:\/\/muzik.name\/en\/courses\/online-music-therapy\/the-historical-medico-musical-sources-of-turkish-makam-therapy\/","og_locale":"en_US","og_type":"article","og_title":"The historical medico-musical sources of Turkish Makam Therapy - m\u00fczik.name","og_description":"Fourth module of the course \u201cOnline Music Therapy Course with Michael Bachmaier-Ek\u015fi\u201c. 5 sessions and Workshops, 450 minutes Lesson 1: The basic principles of Ibn&hellip;","og_url":"https:\/\/muzik.name\/en\/courses\/online-music-therapy\/the-historical-medico-musical-sources-of-turkish-makam-therapy\/","og_site_name":"m\u00fczik.name","article_modified_time":"2021-06-11T12:11:33+00:00","twitter_card":"summary_large_image","twitter_misc":{"Est. reading time":"1 minute"},"schema":{"@context":"https:\/\/schema.org","@graph":[{"@type":"WebPage","@id":"https:\/\/muzik.name\/en\/courses\/online-music-therapy\/the-historical-medico-musical-sources-of-turkish-makam-therapy\/","url":"https:\/\/muzik.name\/en\/courses\/online-music-therapy\/the-historical-medico-musical-sources-of-turkish-makam-therapy\/","name":"The historical medico-musical sources of Turkish Makam Therapy - m\u00fczik.name","isPartOf":{"@id":"https:\/\/muzik.name\/en\/#website"},"datePublished":"2021-03-01T19:39:27+00:00","dateModified":"2021-06-11T12:11:33+00:00","breadcrumb":{"@id":"https:\/\/muzik.name\/en\/courses\/online-music-therapy\/the-historical-medico-musical-sources-of-turkish-makam-therapy\/#breadcrumb"},"inLanguage":"en-US","potentialAction":[{"@type":"ReadAction","target":["https:\/\/muzik.name\/en\/courses\/online-music-therapy\/the-historical-medico-musical-sources-of-turkish-makam-therapy\/"]}]},{"@type":"BreadcrumbList","@id":"https:\/\/muzik.name\/en\/courses\/online-music-therapy\/the-historical-medico-musical-sources-of-turkish-makam-therapy\/#breadcrumb","itemListElement":[{"@type":"ListItem","position":1,"name":"Ana sayfa","item":"https:\/\/muzik.name\/en\/"},{"@type":"ListItem","position":2,"name":"Courses","item":"https:\/\/muzik.name\/en\/courses\/"},{"@type":"ListItem","position":3,"name":"Online Music Therapy Course with Michael Bachmaier-Ek\u015fi","item":"https:\/\/muzik.name\/en\/courses\/online-music-therapy\/"},{"@type":"ListItem","position":4,"name":"The historical medico-musical sources of Turkish Makam Therapy"}]},{"@type":"WebSite","@id":"https:\/\/muzik.name\/en\/#website","url":"https:\/\/muzik.name\/en\/","name":"muzik.name","description":"Music and its therapeutic value","potentialAction":[{"@type":"SearchAction","target":{"@type":"EntryPoint","urlTemplate":"https:\/\/muzik.name\/en\/?s={search_term_string}"},"query-input":{"@type":"PropertyValueSpecification","valueRequired":true,"valueName":"search_term_string"}}],"inLanguage":"en-US"}]}},"featured_image_src":null,"featured_image_src_square":null,"_links":{"self":[{"href":"https:\/\/muzik.name\/en\/wp-json\/wp\/v2\/pages\/1532","targetHints":{"allow":["GET"]}}],"collection":[{"href":"https:\/\/muzik.name\/en\/wp-json\/wp\/v2\/pages"}],"about":[{"href":"https:\/\/muzik.name\/en\/wp-json\/wp\/v2\/types\/page"}],"author":[{"embeddable":true,"href":"https:\/\/muzik.name\/en\/wp-json\/wp\/v2\/users\/1"}],"replies":[{"embeddable":true,"href":"https:\/\/muzik.name\/en\/wp-json\/wp\/v2\/comments?post=1532"}],"version-history":[{"count":5,"href":"https:\/\/muzik.name\/en\/wp-json\/wp\/v2\/pages\/1532\/revisions"}],"predecessor-version":[{"id":1602,"href":"https:\/\/muzik.name\/en\/wp-json\/wp\/v2\/pages\/1532\/revisions\/1602"}],"up":[{"embeddable":true,"href":"https:\/\/muzik.name\/en\/wp-json\/wp\/v2\/pages\/910"}],"wp:attachment":[{"href":"https:\/\/muzik.name\/en\/wp-json\/wp\/v2\/media?parent=1532"}],"curies":[{"name":"wp","href":"https:\/\/api.w.org\/{rel}","templated":true}]}}