{"id":1042,"date":"2020-09-20T18:28:13","date_gmt":"2020-09-20T15:28:13","guid":{"rendered":"http:\/\/muzik.name\/?page_id=1042"},"modified":"2021-01-11T22:46:09","modified_gmt":"2021-01-11T19:46:09","slug":"module-2","status":"publish","type":"page","link":"https:\/\/muzik.name\/en\/courses\/online-music-therapy\/module-2\/","title":{"rendered":"Melody Patterns in Gregorian Chant and Makam Music \u2013 How to Structure and Practice Melodies in Modal Musical Systems"},"content":{"rendered":"\n<p>Second module of the course &#8220;<a href=\"https:\/\/muzik.name\/en\/courses\/online-music-therapy\/\">Online Music Therapy Course with Michael Bachmaier-Ek\u015fi<\/a>&#8220;. 6 sessions and Workshops, 540 minutes<\/p>\n\n\n\n<h2 class=\"wp-block-heading\">Session 1:&nbsp;Historical development of Western music after the Ancient &nbsp;times<\/h2>\n\n\n\n<p>October 22th, 2020<br><em>Exercise:<\/em> singing psalmodies.<\/p>\n\n\n\n<h2 class=\"wp-block-heading\">Session 2:&nbsp; Hexachord and relative solmisation \u2013 the functional aspects of tones in medieval melodies<\/h2>\n\n\n\n<p>October 29th, 2020<br><em>Exercise:<\/em> singing and analysing hexachord melodies.<\/p>\n\n\n\n<h2 class=\"wp-block-heading\">Session 3: &nbsp;Hexachord in makam music as extended melody units<\/h2>\n\n\n\n<p>November 5th, 2020<br><em>Exercise:<\/em> singing and playing hexachord melodies in makam U\u015f\u015fak, Hicaz and Acema\u015firan<\/p>\n\n\n\n<h2 class=\"wp-block-heading\">Session 4: Gregorian modes and emotions. Music therapy in the Western medieval times<\/h2>\n\n\n\n<p>November 12th, 2020<br><em>Exercise:<\/em> How to determine Gregorian modes.<br><em>Exercise:<\/em> Improvising in the Dorian mode.<\/p>\n\n\n\n<h2 class=\"wp-block-heading\">Session 5: Stereotyped motives in Gregorian chant and makam music<\/h2>\n\n\n\n<p>November 19th, 2020<br><em>Exercise:<\/em> singing and playing typical motives in different Gregorian modes and makams.<\/p>\n\n\n\n<h2 class=\"wp-block-heading\">Session 6: Analysis of melodic progressions in Dorian melodies and H\u00fcseyni improvisations by Dr. Rahmi Oru\u00e7 G\u00fcven\u00e7<\/h2>\n\n\n\n<p>November 26th, 2020<br><em>Exercise:<\/em> playing and analysing original therapy improvisations.<\/p>\n\n\n\n<p><\/p>\n","protected":false},"excerpt":{"rendered":"<p>Melody patterns in Gregorian chant and makam music \u2013 How to structure and practice melodies in modal musical systems<\/p>\n","protected":false},"author":1,"featured_media":0,"parent":910,"menu_order":0,"comment_status":"closed","ping_status":"closed","template":"","meta":{"footnotes":""},"class_list":["post-1042","page","type-page","status-publish","hentry"],"yoast_head":"<!-- This site is optimized with the Yoast SEO plugin v27.3 - https:\/\/yoast.com\/product\/yoast-seo-wordpress\/ -->\n<title>Melody patterns in Gregorian chant and makam music - m\u00fczik.name<\/title>\n<meta name=\"description\" content=\"Second module of &quot;Online Music Therapy Course with Michael Bachmaier-Ek\u015fi&quot;. Melody patterns in Gregorian chant and makam music.\" \/>\n<meta name=\"robots\" content=\"index, follow, max-snippet:-1, max-image-preview:large, max-video-preview:-1\" \/>\n<link rel=\"canonical\" href=\"https:\/\/muzik.name\/en\/courses\/online-music-therapy\/module-2\/\" \/>\n<meta property=\"og:locale\" content=\"en_US\" \/>\n<meta property=\"og:type\" content=\"article\" \/>\n<meta property=\"og:title\" content=\"Melody patterns in Gregorian chant and makam music - m\u00fczik.name\" \/>\n<meta property=\"og:description\" content=\"Second module of &quot;Online Music Therapy Course with Michael Bachmaier-Ek\u015fi&quot;. Melody patterns in Gregorian chant and makam music.\" \/>\n<meta property=\"og:url\" content=\"https:\/\/muzik.name\/en\/courses\/online-music-therapy\/module-2\/\" \/>\n<meta property=\"og:site_name\" content=\"m\u00fczik.name\" \/>\n<meta property=\"article:modified_time\" content=\"2021-01-11T19:46:09+00:00\" \/>\n<meta name=\"twitter:card\" content=\"summary_large_image\" \/>\n<meta name=\"twitter:label1\" content=\"Est. reading time\" \/>\n\t<meta name=\"twitter:data1\" content=\"1 minute\" \/>\n<script type=\"application\/ld+json\" class=\"yoast-schema-graph\">{\"@context\":\"https:\\\/\\\/schema.org\",\"@graph\":[{\"@type\":\"WebPage\",\"@id\":\"https:\\\/\\\/muzik.name\\\/en\\\/courses\\\/online-music-therapy\\\/module-2\\\/\",\"url\":\"https:\\\/\\\/muzik.name\\\/en\\\/courses\\\/online-music-therapy\\\/module-2\\\/\",\"name\":\"Melody patterns in Gregorian chant and makam music - m\u00fczik.name\",\"isPartOf\":{\"@id\":\"https:\\\/\\\/muzik.name\\\/en\\\/#website\"},\"datePublished\":\"2020-09-20T15:28:13+00:00\",\"dateModified\":\"2021-01-11T19:46:09+00:00\",\"description\":\"Second module of \\\"Online Music Therapy Course with Michael Bachmaier-Ek\u015fi\\\". Melody patterns in Gregorian chant and makam music.\",\"breadcrumb\":{\"@id\":\"https:\\\/\\\/muzik.name\\\/en\\\/courses\\\/online-music-therapy\\\/module-2\\\/#breadcrumb\"},\"inLanguage\":\"en-US\",\"potentialAction\":[{\"@type\":\"ReadAction\",\"target\":[\"https:\\\/\\\/muzik.name\\\/en\\\/courses\\\/online-music-therapy\\\/module-2\\\/\"]}]},{\"@type\":\"BreadcrumbList\",\"@id\":\"https:\\\/\\\/muzik.name\\\/en\\\/courses\\\/online-music-therapy\\\/module-2\\\/#breadcrumb\",\"itemListElement\":[{\"@type\":\"ListItem\",\"position\":1,\"name\":\"Ana sayfa\",\"item\":\"https:\\\/\\\/muzik.name\\\/en\\\/\"},{\"@type\":\"ListItem\",\"position\":2,\"name\":\"Courses\",\"item\":\"https:\\\/\\\/muzik.name\\\/en\\\/courses\\\/\"},{\"@type\":\"ListItem\",\"position\":3,\"name\":\"Online Music Therapy Course with Michael Bachmaier-Ek\u015fi\",\"item\":\"https:\\\/\\\/muzik.name\\\/en\\\/courses\\\/online-music-therapy\\\/\"},{\"@type\":\"ListItem\",\"position\":4,\"name\":\"Melody Patterns in Gregorian Chant and Makam Music \u2013 How to Structure and Practice Melodies in Modal Musical Systems\"}]},{\"@type\":\"WebSite\",\"@id\":\"https:\\\/\\\/muzik.name\\\/en\\\/#website\",\"url\":\"https:\\\/\\\/muzik.name\\\/en\\\/\",\"name\":\"muzik.name\",\"description\":\"Music and its therapeutic value\",\"potentialAction\":[{\"@type\":\"SearchAction\",\"target\":{\"@type\":\"EntryPoint\",\"urlTemplate\":\"https:\\\/\\\/muzik.name\\\/en\\\/?s={search_term_string}\"},\"query-input\":{\"@type\":\"PropertyValueSpecification\",\"valueRequired\":true,\"valueName\":\"search_term_string\"}}],\"inLanguage\":\"en-US\"}]}<\/script>\n<!-- \/ Yoast SEO plugin. -->","yoast_head_json":{"title":"Melody patterns in Gregorian chant and makam music - m\u00fczik.name","description":"Second module of \"Online Music Therapy Course with Michael Bachmaier-Ek\u015fi\". Melody patterns in Gregorian chant and makam music.","robots":{"index":"index","follow":"follow","max-snippet":"max-snippet:-1","max-image-preview":"max-image-preview:large","max-video-preview":"max-video-preview:-1"},"canonical":"https:\/\/muzik.name\/en\/courses\/online-music-therapy\/module-2\/","og_locale":"en_US","og_type":"article","og_title":"Melody patterns in Gregorian chant and makam music - m\u00fczik.name","og_description":"Second module of \"Online Music Therapy Course with Michael Bachmaier-Ek\u015fi\". Melody patterns in Gregorian chant and makam music.","og_url":"https:\/\/muzik.name\/en\/courses\/online-music-therapy\/module-2\/","og_site_name":"m\u00fczik.name","article_modified_time":"2021-01-11T19:46:09+00:00","twitter_card":"summary_large_image","twitter_misc":{"Est. reading time":"1 minute"},"schema":{"@context":"https:\/\/schema.org","@graph":[{"@type":"WebPage","@id":"https:\/\/muzik.name\/en\/courses\/online-music-therapy\/module-2\/","url":"https:\/\/muzik.name\/en\/courses\/online-music-therapy\/module-2\/","name":"Melody patterns in Gregorian chant and makam music - m\u00fczik.name","isPartOf":{"@id":"https:\/\/muzik.name\/en\/#website"},"datePublished":"2020-09-20T15:28:13+00:00","dateModified":"2021-01-11T19:46:09+00:00","description":"Second module of \"Online Music Therapy Course with Michael Bachmaier-Ek\u015fi\". Melody patterns in Gregorian chant and makam music.","breadcrumb":{"@id":"https:\/\/muzik.name\/en\/courses\/online-music-therapy\/module-2\/#breadcrumb"},"inLanguage":"en-US","potentialAction":[{"@type":"ReadAction","target":["https:\/\/muzik.name\/en\/courses\/online-music-therapy\/module-2\/"]}]},{"@type":"BreadcrumbList","@id":"https:\/\/muzik.name\/en\/courses\/online-music-therapy\/module-2\/#breadcrumb","itemListElement":[{"@type":"ListItem","position":1,"name":"Ana sayfa","item":"https:\/\/muzik.name\/en\/"},{"@type":"ListItem","position":2,"name":"Courses","item":"https:\/\/muzik.name\/en\/courses\/"},{"@type":"ListItem","position":3,"name":"Online Music Therapy Course with Michael Bachmaier-Ek\u015fi","item":"https:\/\/muzik.name\/en\/courses\/online-music-therapy\/"},{"@type":"ListItem","position":4,"name":"Melody Patterns in Gregorian Chant and Makam Music \u2013 How to Structure and Practice Melodies in Modal Musical Systems"}]},{"@type":"WebSite","@id":"https:\/\/muzik.name\/en\/#website","url":"https:\/\/muzik.name\/en\/","name":"muzik.name","description":"Music and its therapeutic value","potentialAction":[{"@type":"SearchAction","target":{"@type":"EntryPoint","urlTemplate":"https:\/\/muzik.name\/en\/?s={search_term_string}"},"query-input":{"@type":"PropertyValueSpecification","valueRequired":true,"valueName":"search_term_string"}}],"inLanguage":"en-US"}]}},"featured_image_src":null,"featured_image_src_square":null,"_links":{"self":[{"href":"https:\/\/muzik.name\/en\/wp-json\/wp\/v2\/pages\/1042","targetHints":{"allow":["GET"]}}],"collection":[{"href":"https:\/\/muzik.name\/en\/wp-json\/wp\/v2\/pages"}],"about":[{"href":"https:\/\/muzik.name\/en\/wp-json\/wp\/v2\/types\/page"}],"author":[{"embeddable":true,"href":"https:\/\/muzik.name\/en\/wp-json\/wp\/v2\/users\/1"}],"replies":[{"embeddable":true,"href":"https:\/\/muzik.name\/en\/wp-json\/wp\/v2\/comments?post=1042"}],"version-history":[{"count":13,"href":"https:\/\/muzik.name\/en\/wp-json\/wp\/v2\/pages\/1042\/revisions"}],"predecessor-version":[{"id":1443,"href":"https:\/\/muzik.name\/en\/wp-json\/wp\/v2\/pages\/1042\/revisions\/1443"}],"up":[{"embeddable":true,"href":"https:\/\/muzik.name\/en\/wp-json\/wp\/v2\/pages\/910"}],"wp:attachment":[{"href":"https:\/\/muzik.name\/en\/wp-json\/wp\/v2\/media?parent=1042"}],"curies":[{"name":"wp","href":"https:\/\/api.w.org\/{rel}","templated":true}]}}